{"id":1030,"date":"2025-01-22T17:23:30","date_gmt":"2025-01-22T17:23:30","guid":{"rendered":"https:\/\/studio-aspeqt.com\/contact\/"},"modified":"2025-07-17T08:16:34","modified_gmt":"2025-07-17T08:16:34","slug":"contact","status":"publish","type":"page","link":"https:\/\/studio-aspeqt.com\/en\/contact","title":{"rendered":"Contact"},"content":{"rendered":"\n\n\t<h2><b>Crna Gora:<\/b><\/h2>\n<b>Adresa:<br \/>\n&#8220;STUDIO ASPEQT&#8221; DOO BAR<br \/>\n<\/b><b>Vladimira Rolovica F2<br \/>\n85000 Bar, Crna Gora<\/b>\n<b>Email: <a href=\"mailto:info@studio-aspeqt.com\">info@studio-aspeqt.com<\/a><\/b>\n\t<h2><b>BiH:<\/b><\/h2>\n<b>Adresa:<br \/>\n&#8220;STUDIO ASPEQT BH&#8221; DOO<br \/>\n<\/b><b>Tvorni\u010dka 3<\/b>\n<b><\/b><b>71210 Ilid\u017ea, Sarajevo, BiH<\/b>\n<b>Email: <a href=\"mailto:info@studio-aspeqt.com\">info@studio-aspeqt.com<\/a><\/b>\n\t<h2><b>Njema\u010dka:<\/b><\/h2>\n<b><\/b><b>Adresa:<br \/>\n&#8220;STUDIO ASPEQT&#8221; GMBH<br \/>\nDorfstrasse 5<br \/>\n48612 Horstmar<\/b>\n<b>Email: <a href=\"mailto:info@studio-aspeqt.com\">info@studio-aspeqt.com<\/a><\/b>\n\t<h1><strong>Gdje se nalazimo:<\/strong><\/h1>\n\t<iframe src=\"https:\/\/www.google.com\/maps\/embed\/v1\/place?q=1+Infinite+Loop%2C+Cupertino%2C+CA+95014&#038;key=AIzaSyD09zQ9PNDNNy9TadMuzRV_UsPUoWKntt8\" aria-hidden=\"true\"><\/iframe>\n\t<h1>Velike ideje po\u010dinju razgovorom, kontaktirajte nas<\/h1>\n<form>\n\t<input type=\"hidden\" name=\"fl-layout-id\" value=\"69\" \/>\n    \t\t<label for=\"pp-name-\">Ime<\/label>\n    \t\tPlease enter your name.\n    \t\t<input type=\"text\" name=\"pp-name\" id=\"pp-name-\" value=\"\" placeholder=\"Ime\"  \/>\n    \t\t<label for=\"pp-email-\">E-mail<\/label>\n    \t\tPlease enter a valid email address.\n    \t\t<input type=\"email\" name=\"pp-email\" id=\"pp-email-\" value=\"\" placeholder=\"E-mail\"  \/>\n    \t\t<label for=\"pp-message-\">Poruka<\/label>\n    \t\tPlease type your message.\n    \t\t<textarea name=\"pp-message\" id=\"pp-message-\" placeholder=\"Poruka\"><\/textarea>\n    \t<a href=\"#\" target=\"_self\" role=\"button\">\n    \t\t    \t\t    \t\tPo\u0161alji\n    \t\t    \t<\/a>\n\t\t\tMessage failed. Please try again.\n<\/form>\n  <p>Hvala na va\u0161oj poruci! Uskoro \u0107emo vas kontaktirati.<\/p>\n\n","protected":false},"excerpt":{"rendered":"<p>Crna Gora: Adresa: &#8220;STUDIO ASPEQT&#8221; DOO BAR Vladimira Rolovica F2 85000 Bar, Crna Gora Email: info@studio-aspeqt.com BiH: Adresa: &#8220;STUDIO ASPEQT BH&#8221; DOO Tvorni\u010dka 3 71210 Ilid\u017ea, Sarajevo, BiH Email: info@studio-aspeqt.com Njema\u010dka: Adresa: &#8220;STUDIO ASPEQT&#8221; GMBH Dorfstrasse 5 48612 Horstmar Email: info@studio-aspeqt.com Gdje se nalazimo: Velike ideje po\u010dinju razgovorom, kontaktirajte nas Ime Please enter your name.&hellip;<\/p>\n","protected":false},"author":1,"featured_media":0,"parent":0,"menu_order":0,"comment_status":"closed","ping_status":"closed","template":"","meta":{"footnotes":""},"class_list":["post-1030","page","type-page","status-publish","hentry"],"_links":{"self":[{"href":"https:\/\/studio-aspeqt.com\/en\/wp-json\/wp\/v2\/pages\/1030","targetHints":{"allow":["GET"]}}],"collection":[{"href":"https:\/\/studio-aspeqt.com\/en\/wp-json\/wp\/v2\/pages"}],"about":[{"href":"https:\/\/studio-aspeqt.com\/en\/wp-json\/wp\/v2\/types\/page"}],"author":[{"embeddable":true,"href":"https:\/\/studio-aspeqt.com\/en\/wp-json\/wp\/v2\/users\/1"}],"replies":[{"embeddable":true,"href":"https:\/\/studio-aspeqt.com\/en\/wp-json\/wp\/v2\/comments?post=1030"}],"version-history":[{"count":1,"href":"https:\/\/studio-aspeqt.com\/en\/wp-json\/wp\/v2\/pages\/1030\/revisions"}],"predecessor-version":[{"id":1110,"href":"https:\/\/studio-aspeqt.com\/en\/wp-json\/wp\/v2\/pages\/1030\/revisions\/1110"}],"wp:attachment":[{"href":"https:\/\/studio-aspeqt.com\/en\/wp-json\/wp\/v2\/media?parent=1030"}],"curies":[{"name":"wp","href":"https:\/\/api.w.org\/{rel}","templated":true}]}}